{"id":2232,"date":"2025-04-26T09:47:55","date_gmt":"2025-04-26T09:47:55","guid":{"rendered":"https:\/\/gumodu.com\/ueber-uns\/"},"modified":"2025-06-27T09:36:45","modified_gmt":"2025-06-27T09:36:45","slug":"ueber-uns","status":"publish","type":"page","link":"https:\/\/gumodu.com\/de\/ueber-uns\/","title":{"rendered":"\u00dcber Uns"},"content":{"rendered":"\t\t<div data-elementor-type=\"wp-page\" data-elementor-id=\"2232\" class=\"elementor elementor-2232 elementor-88\" data-elementor-settings=\"{&quot;element_pack_global_tooltip_width&quot;:{&quot;unit&quot;:&quot;px&quot;,&quot;size&quot;:&quot;&quot;,&quot;sizes&quot;:[]},&quot;element_pack_global_tooltip_width_laptop&quot;:{&quot;unit&quot;:&quot;px&quot;,&quot;size&quot;:&quot;&quot;,&quot;sizes&quot;:[]},&quot;element_pack_global_tooltip_width_tablet_extra&quot;:{&quot;unit&quot;:&quot;px&quot;,&quot;size&quot;:&quot;&quot;,&quot;sizes&quot;:[]},&quot;element_pack_global_tooltip_width_tablet&quot;:{&quot;unit&quot;:&quot;px&quot;,&quot;size&quot;:&quot;&quot;,&quot;sizes&quot;:[]},&quot;element_pack_global_tooltip_width_mobile_extra&quot;:{&quot;unit&quot;:&quot;px&quot;,&quot;size&quot;:&quot;&quot;,&quot;sizes&quot;:[]},&quot;element_pack_global_tooltip_width_mobile&quot;:{&quot;unit&quot;:&quot;px&quot;,&quot;size&quot;:&quot;&quot;,&quot;sizes&quot;:[]},&quot;element_pack_global_tooltip_padding&quot;:{&quot;unit&quot;:&quot;px&quot;,&quot;top&quot;:&quot;&quot;,&quot;right&quot;:&quot;&quot;,&quot;bottom&quot;:&quot;&quot;,&quot;left&quot;:&quot;&quot;,&quot;isLinked&quot;:true},&quot;element_pack_global_tooltip_padding_laptop&quot;:{&quot;unit&quot;:&quot;px&quot;,&quot;top&quot;:&quot;&quot;,&quot;right&quot;:&quot;&quot;,&quot;bottom&quot;:&quot;&quot;,&quot;left&quot;:&quot;&quot;,&quot;isLinked&quot;:true},&quot;element_pack_global_tooltip_padding_tablet_extra&quot;:{&quot;unit&quot;:&quot;px&quot;,&quot;top&quot;:&quot;&quot;,&quot;right&quot;:&quot;&quot;,&quot;bottom&quot;:&quot;&quot;,&quot;left&quot;:&quot;&quot;,&quot;isLinked&quot;:true},&quot;element_pack_global_tooltip_padding_tablet&quot;:{&quot;unit&quot;:&quot;px&quot;,&quot;top&quot;:&quot;&quot;,&quot;right&quot;:&quot;&quot;,&quot;bottom&quot;:&quot;&quot;,&quot;left&quot;:&quot;&quot;,&quot;isLinked&quot;:true},&quot;element_pack_global_tooltip_padding_mobile_extra&quot;:{&quot;unit&quot;:&quot;px&quot;,&quot;top&quot;:&quot;&quot;,&quot;right&quot;:&quot;&quot;,&quot;bottom&quot;:&quot;&quot;,&quot;left&quot;:&quot;&quot;,&quot;isLinked&quot;:true},&quot;element_pack_global_tooltip_padding_mobile&quot;:{&quot;unit&quot;:&quot;px&quot;,&quot;top&quot;:&quot;&quot;,&quot;right&quot;:&quot;&quot;,&quot;bottom&quot;:&quot;&quot;,&quot;left&quot;:&quot;&quot;,&quot;isLinked&quot;:true},&quot;element_pack_global_tooltip_border_radius&quot;:{&quot;unit&quot;:&quot;px&quot;,&quot;top&quot;:&quot;&quot;,&quot;right&quot;:&quot;&quot;,&quot;bottom&quot;:&quot;&quot;,&quot;left&quot;:&quot;&quot;,&quot;isLinked&quot;:true},&quot;element_pack_global_tooltip_border_radius_laptop&quot;:{&quot;unit&quot;:&quot;px&quot;,&quot;top&quot;:&quot;&quot;,&quot;right&quot;:&quot;&quot;,&quot;bottom&quot;:&quot;&quot;,&quot;left&quot;:&quot;&quot;,&quot;isLinked&quot;:true},&quot;element_pack_global_tooltip_border_radius_tablet_extra&quot;:{&quot;unit&quot;:&quot;px&quot;,&quot;top&quot;:&quot;&quot;,&quot;right&quot;:&quot;&quot;,&quot;bottom&quot;:&quot;&quot;,&quot;left&quot;:&quot;&quot;,&quot;isLinked&quot;:true},&quot;element_pack_global_tooltip_border_radius_tablet&quot;:{&quot;unit&quot;:&quot;px&quot;,&quot;top&quot;:&quot;&quot;,&quot;right&quot;:&quot;&quot;,&quot;bottom&quot;:&quot;&quot;,&quot;left&quot;:&quot;&quot;,&quot;isLinked&quot;:true},&quot;element_pack_global_tooltip_border_radius_mobile_extra&quot;:{&quot;unit&quot;:&quot;px&quot;,&quot;top&quot;:&quot;&quot;,&quot;right&quot;:&quot;&quot;,&quot;bottom&quot;:&quot;&quot;,&quot;left&quot;:&quot;&quot;,&quot;isLinked&quot;:true},&quot;element_pack_global_tooltip_border_radius_mobile&quot;:{&quot;unit&quot;:&quot;px&quot;,&quot;top&quot;:&quot;&quot;,&quot;right&quot;:&quot;&quot;,&quot;bottom&quot;:&quot;&quot;,&quot;left&quot;:&quot;&quot;,&quot;isLinked&quot;:true}}\">\n\t\t\t\t<div class=\"elementor-element elementor-element-62c879d e-flex e-con-boxed e-con e-parent\" data-id=\"62c879d\" data-element_type=\"container\" id=\"herosection\" data-settings=\"{&quot;background_background&quot;:&quot;classic&quot;}\">\n\t\t\t\t\t<div class=\"e-con-inner\">\n\t\t<div class=\"elementor-element elementor-element-5787dff e-con-full e-flex e-con e-child\" data-id=\"5787dff\" data-element_type=\"container\" data-settings=\"{&quot;background_background&quot;:&quot;classic&quot;}\">\n\t\t\t\t<div class=\"elementor-element elementor-element-5db4928 elementor-widget elementor-widget-heading\" data-id=\"5db4928\" data-element_type=\"widget\" data-widget_type=\"heading.default\">\n\t\t\t\t<div class=\"elementor-widget-container\">\n\t\t\t\t\t<h1 class=\"elementor-heading-title elementor-size-default\">\u00dcber Uns<\/h1>\t\t\t\t<\/div>\n\t\t\t\t<\/div>\n\t\t\t\t<\/div>\n\t\t\t\t\t<\/div>\n\t\t\t\t<\/div>\n\t\t<div class=\"elementor-element elementor-element-1d7ae20 e-flex e-con-boxed e-con e-parent\" data-id=\"1d7ae20\" data-element_type=\"container\">\n\t\t\t\t\t<div class=\"e-con-inner\">\n\t\t<div class=\"elementor-element elementor-element-27964a5 e-con-full e-flex e-con e-child\" data-id=\"27964a5\" data-element_type=\"container\">\n\t\t\t\t<div class=\"elementor-element elementor-element-25bc6d2 elementor-widget elementor-widget-heading\" data-id=\"25bc6d2\" data-element_type=\"widget\" data-widget_type=\"heading.default\">\n\t\t\t\t<div class=\"elementor-widget-container\">\n\t\t\t\t\t<h2 class=\"elementor-heading-title elementor-size-default\">Gebaut auf Werten. Angetrieben von Sinn. <\/h2>\t\t\t\t<\/div>\n\t\t\t\t<\/div>\n\t\t\t\t<div class=\"elementor-element elementor-element-551ed30 elementor-widget elementor-widget-text-editor\" data-id=\"551ed30\" data-element_type=\"widget\" data-widget_type=\"text-editor.default\">\n\t\t\t\t<div class=\"elementor-widget-container\">\n\t\t\t\t\t\t\t\t\t<p>Bei Gumodu sehen wir modulares Bauen nicht als Trend, sondern als die Zukunft der Immobilienbranche. Wir entwickeln modulare Projekte, die Geschwindigkeit, Effizienz und \u00f6kologische Verantwortung vereinen und bieten sektor\u00fcbergreifend echte L\u00f6sungen an. Doch f\u00fcr uns geht es um mehr: Unsere Arbeit hat einen Zweck, Menschen den Zugang zu besseren Lebensr\u00e4umen zu erm\u00f6glichen und dies auf eine Weise zu tun, die unsere gebaute Umwelt respektiert. Unser Ziel ist es nicht nur, Geb\u00e4ude zu errichten, sondern langfristigen Wert f\u00fcr Gemeinschaften, Partner und den Planeten zu schaffen. Da die Nachfrage nach intelligenteren, schnelleren und verantwortungsvolleren Entwicklungen w\u00e4chst, bauen wir die Systeme, die dies m\u00f6glich machen.   <\/p>\t\t\t\t\t\t\t\t<\/div>\n\t\t\t\t<\/div>\n\t\t\t\t<\/div>\n\t\t<div class=\"elementor-element elementor-element-8dc5cfd e-con-full e-flex e-con e-child\" data-id=\"8dc5cfd\" data-element_type=\"container\">\n\t\t\t\t<div class=\"elementor-element elementor-element-228bc86 ui-e-align-center ui-e-counter-simple elementor-widget elementor-widget-uicore-counter\" data-id=\"228bc86\" data-element_type=\"widget\" data-settings=\"{&quot;count_end&quot;:9,&quot;counter_separator&quot;:&quot;,&quot;,&quot;decimal_symbol&quot;:&quot;.&quot;,&quot;counter_suffix&quot;:&quot;%&quot;,&quot;count_start&quot;:1,&quot;use_grouping&quot;:&quot;true&quot;,&quot;decimal_places&quot;:0,&quot;counter_animation&quot;:&quot;simple&quot;,&quot;duration&quot;:2.5}\" data-widget_type=\"uicore-counter.default\">\n\t\t\t\t<div class=\"elementor-widget-container\">\n\t\t\t\t\t <div class=\"ui-e-wrp\"> <h1 class=\"ui-e-num\"><span class=\"ui-e-prefix\"><\/span><span class=\"value\"> 0 <\/span><span class=\"ui-e-suffix\">%<\/span><\/h1><p class=\"ui-e-title\">9% IM JAHR 2023 DES GESAMTEN BAUWESENS IN EUROPA WAR MODULAR<\/p> <\/div> \t\t\t\t<\/div>\n\t\t\t\t<\/div>\n\t\t\t\t<\/div>\n\t\t\t\t\t<\/div>\n\t\t\t\t<\/div>\n\t\t<div class=\"elementor-element elementor-element-8349183 e-flex e-con-boxed e-con e-parent\" data-id=\"8349183\" data-element_type=\"container\">\n\t\t\t\t\t<div class=\"e-con-inner\">\n\t\t<div class=\"elementor-element elementor-element-8bce225 e-con-full e-flex e-con e-child\" data-id=\"8bce225\" data-element_type=\"container\">\n\t\t\t\t<div class=\"elementor-element elementor-element-d79115e ui-e-align-center ui-e-counter-simple elementor-widget elementor-widget-uicore-counter\" data-id=\"d79115e\" data-element_type=\"widget\" data-settings=\"{&quot;count_end&quot;:1000,&quot;counter_separator&quot;:&quot;,&quot;,&quot;decimal_symbol&quot;:&quot;.&quot;,&quot;counter_suffix&quot;:&quot;+&quot;,&quot;count_start&quot;:540,&quot;use_grouping&quot;:&quot;true&quot;,&quot;decimal_places&quot;:0,&quot;counter_animation&quot;:&quot;simple&quot;,&quot;duration&quot;:2.5}\" data-widget_type=\"uicore-counter.default\">\n\t\t\t\t<div class=\"elementor-widget-container\">\n\t\t\t\t\t <div class=\"ui-e-wrp\"> <h1 class=\"ui-e-num\"><span class=\"ui-e-prefix\"><\/span><span class=\"value\"> 0 <\/span><span class=\"ui-e-suffix\">+<\/span><\/h1><p class=\"ui-e-title\">GEPFLANZTE B\u00c4UME<\/p> <\/div> \t\t\t\t<\/div>\n\t\t\t\t<\/div>\n\t\t\t\t<div data-ep-wrapper-link=\"{&quot;url&quot;:&quot;https:\\\/\\\/tree-nation.com\\\/profile\\\/gumodu-1&quot;,&quot;is_external&quot;:&quot;on&quot;,&quot;nofollow&quot;:&quot;&quot;,&quot;custom_attributes&quot;:&quot;&quot;}\" style=\"cursor: pointer\" class=\"bdt-element-link elementor-element elementor-element-d1c86b8 forest ui-e-a-animate elementor-widget elementor-widget-highlighted-text\" data-id=\"d1c86b8\" data-element_type=\"widget\" data-widget_type=\"highlighted-text.default\">\n\t\t\t\t<div class=\"elementor-widget-container\">\n\t\t\t\t\t        <p class=\"ui-e--highlighted-text\">\n            <span class='ui-e-highlight-icon elementor-repeater-item-8e6c664'><svg xmlns=\"http:\/\/www.w3.org\/2000\/svg\" width=\"225\" height=\"52\" viewBox=\"0 0 225 52\" fill=\"none\"><g clip-path=\"url(#clip0_4_57)\"><g clip-path=\"url(#clip1_4_57)\"><path d=\"M187.312 15.0449C186.28 15.0449 185.607 15.7474 185.607 16.7742C185.607 17.7361 186.28 18.4711 187.312 18.4711C188.343 18.4711 189.017 17.7361 189.017 16.7742C189.017 15.7474 188.343 15.0449 187.312 15.0449Z\" fill=\"url(#paint0_linear_4_57)\"><\/path><path d=\"M72.2276 17.9955H69.4262V31.3976C69.4262 35.6019 71.9018 38.131 76.6468 38.131V35.4723C73.5848 35.4723 72.2276 33.9591 72.2276 31.3976V24.5669H76.6468V21.7784H72.2276V17.9955Z\" fill=\"url(#paint1_linear_4_57)\"><\/path><path d=\"M78.8184 29.798V37.8176H81.5872V29.798C81.5872 26.2097 83.6828 24.2534 87.5483 24.2534V21.4649C82.0432 21.4541 78.8184 24.5668 78.8184 29.798Z\" fill=\"url(#paint2_linear_4_57)\"><\/path><path d=\"M96.5495 21.4541C91.7829 21.4541 88.4277 24.9776 88.4277 29.798C88.4277 34.5752 91.7829 38.1418 96.4844 38.1418C100.317 38.1418 103.184 35.8938 104.248 32.5H101.251C100.48 34.3914 98.6777 35.6452 96.4844 35.6452C93.7156 35.6452 91.6526 33.7538 91.3268 30.641H104.508C104.541 30.3168 104.574 29.9385 104.574 29.6142C104.574 24.9884 101.349 21.4541 96.5495 21.4541ZM101.729 28.6307H91.3811C91.7829 25.7774 93.7699 23.9292 96.5604 23.9292C99.3726 23.9292 101.349 25.8314 101.729 28.6307Z\" fill=\"url(#paint3_linear_4_57)\"><\/path><path d=\"M114.617 21.4541C109.851 21.4541 106.496 24.9775 106.496 29.7979C106.496 34.5751 109.851 38.1418 114.552 38.1418C118.385 38.1418 121.252 35.8937 122.316 32.5H119.33C118.559 34.3914 116.757 35.6451 114.563 35.6451C111.794 35.6451 109.731 33.7537 109.406 30.641H122.587C122.62 30.3167 122.652 29.9385 122.652 29.6142C122.642 24.9883 119.417 21.4541 114.617 21.4541ZM119.797 28.6307H109.449C109.851 25.7773 111.838 23.9291 114.628 23.9291C117.441 23.9291 119.417 25.8314 119.797 28.6307Z\" fill=\"url(#paint4_linear_4_57)\"><\/path><path d=\"M127.723 28.6523V30.4573V30.587H135.606V30.4573V28.6523V28.5334H127.723V28.6523Z\" fill=\"url(#paint5_linear_4_57)\"><\/path><path d=\"M147.387 21.4541C143.163 21.4541 140.003 25.01 140.003 29.798V37.8176H142.772V29.798C142.772 26.5556 144.705 24.2534 147.376 24.2534C150.112 24.2534 151.98 26.6636 151.98 29.798V37.8176H154.781V29.798C154.792 25.0208 151.676 21.4541 147.387 21.4541Z\" fill=\"url(#paint6_linear_4_57)\"><\/path><path d=\"M165.281 21.4541C160.644 21.4541 157.224 24.9127 157.224 29.798C157.224 34.5103 160.579 38.1418 164.89 38.1418C167.214 38.1418 169.244 36.9854 170.558 35.1264V37.8176H173.359V29.798C173.359 25.0532 170.145 21.4541 165.281 21.4541ZM165.281 35.3209C162.251 35.3209 160.058 32.8783 160.058 29.8088C160.058 26.8906 161.991 24.2642 165.281 24.2642C168.734 24.2642 170.569 26.8906 170.569 29.8088C170.558 32.9431 168.31 35.3209 165.281 35.3209Z\" fill=\"url(#paint7_linear_4_57)\"><\/path><path d=\"M178.875 17.9955H176.074V31.3976C176.074 35.6019 178.549 38.131 183.294 38.131V35.4723C180.232 35.4723 178.875 33.9591 178.875 31.3976V24.5669H183.294V21.7784H178.875V17.9955Z\" fill=\"url(#paint8_linear_4_57)\"><\/path><path d=\"M188.723 21.7784H185.89V37.8176H188.723V21.7784Z\" fill=\"url(#paint9_linear_4_57)\"><\/path><path d=\"M199.712 21.4541C194.912 21.4541 191.622 24.9776 191.622 29.798C191.622 34.5752 194.912 38.1418 199.712 38.1418C204.478 38.1418 207.768 34.586 207.768 29.798C207.768 24.9884 204.489 21.4541 199.712 21.4541ZM199.712 35.3209C196.585 35.3209 194.456 33.008 194.456 29.8088C194.456 26.5664 196.585 24.2642 199.712 24.2642C202.806 24.2642 204.934 26.5772 204.934 29.8088C204.934 33.008 202.806 35.3209 199.712 35.3209Z\" fill=\"url(#paint10_linear_4_57)\"><\/path><path d=\"M217.584 21.4541C213.36 21.4541 210.201 25.01 210.201 29.798V37.8176H212.969V29.798C212.969 26.5556 214.902 24.2534 217.573 24.2534C220.309 24.2534 222.177 26.6636 222.177 29.798V37.8176H224.978V29.798C225 25.0208 221.873 21.4541 217.584 21.4541Z\" fill=\"url(#paint11_linear_4_57)\"><\/path><path d=\"M25.777 0C11.6072 0 0.0760193 11.4782 0.0760193 25.5828C0.0760193 37.9797 8.9796 48.3447 20.7606 50.6685C22.0635 50.9495 23.3991 51.1224 24.7672 51.1765V37.6447L17.9483 31.8083C17.2751 32.2839 16.4608 32.5757 15.5704 32.5757C13.3011 32.5757 11.4552 30.7383 11.4552 28.4794C11.4552 26.2205 13.3011 24.3831 15.5704 24.3831C17.8397 24.3831 19.6856 26.2205 19.6856 28.4794C19.6856 29.1387 19.5119 29.7439 19.2404 30.2952L24.7672 35.0183V22.1566L22.3024 20.0491C21.564 20.73 20.5868 21.1623 19.501 21.1623C17.2317 21.1623 15.3858 19.3249 15.3858 17.066C15.3858 14.8071 17.2317 12.9697 19.501 12.9697C21.7704 12.9697 23.6162 14.8071 23.6162 17.066C23.6162 17.52 23.5293 17.9415 23.3882 18.3522L25.7661 20.3949L28.1766 18.3738C28.0354 17.9631 27.9486 17.5308 27.9486 17.0768C27.9486 14.8179 29.7944 12.9806 32.0638 12.9806C34.3331 12.9806 36.1789 14.8179 36.1789 17.0768C36.1789 19.3357 34.3331 21.1731 32.0638 21.1731C30.978 21.1731 30.0007 20.7516 29.2732 20.0707L26.7759 22.2107V32.4136L32.6284 27.3986C32.3895 26.8798 32.2592 26.3178 32.2592 25.7125C32.2592 23.4536 34.1051 21.6162 36.3744 21.6162C38.6437 21.6162 40.4896 23.4536 40.4896 25.7125C40.4896 27.9714 38.6437 29.8088 36.3744 29.8088C35.4297 29.8088 34.572 29.4846 33.877 28.955L26.7759 35.0183V51.1765C28.144 51.1224 29.4795 50.9495 30.7825 50.6685C42.5635 48.3447 51.467 37.9797 51.467 25.5828C51.467 11.4782 39.9467 0 25.777 0ZM30.7825 48.6257V36.8557L34.5937 33.5916C35.1691 33.7213 35.7663 33.7862 36.3744 33.7862C40.8588 33.7862 44.4962 30.1547 44.4962 25.7017C44.4962 22.5674 42.6938 19.8329 40.0553 18.4927C40.1421 18.0279 40.1856 17.5524 40.1856 17.0552C40.1856 12.5915 36.5373 8.97074 32.0638 8.97074C29.5338 8.97074 27.2754 10.1272 25.777 11.9322C24.2894 10.1272 22.0201 8.97074 19.4902 8.97074C15.0058 8.97074 11.3684 12.6023 11.3684 17.0552C11.3684 18.4927 11.7484 19.8545 12.4107 21.0218C9.48993 22.2539 7.43776 25.1289 7.43776 28.4794C7.43776 32.9432 11.0861 36.5639 15.5596 36.5639C16.1025 36.5639 16.6345 36.5098 17.1665 36.4017L20.7497 39.4713V48.6257C10.098 46.3344 2.08475 36.8773 2.08475 25.5828C2.08475 12.5807 12.7148 1.9995 25.777 1.9995C38.8392 1.9995 49.4692 12.5807 49.4692 25.5828C49.4692 36.8773 41.4451 46.3344 30.7825 48.6257Z\" fill=\"url(#paint12_linear_4_57)\"><\/path><path d=\"M17.351 17.0877C17.351 18.255 18.2957 19.2061 19.4683 19.2061C20.641 19.2061 21.5965 18.2658 21.5965 17.0985C21.5965 15.9312 20.6519 14.9801 19.4792 14.9801C18.2957 14.9909 17.351 15.9312 17.351 17.0877Z\" fill=\"url(#paint13_linear_4_57)\"><\/path><path d=\"M32.0639 19.1953C33.2333 19.1953 34.1812 18.2517 34.1812 17.0877C34.1812 15.9237 33.2333 14.9801 32.0639 14.9801C30.8945 14.9801 29.9466 15.9237 29.9466 17.0877C29.9466 18.2517 30.8945 19.1953 32.0639 19.1953Z\" fill=\"url(#paint14_linear_4_57)\"><\/path><path d=\"M15.5377 30.6518C16.7071 30.6518 17.655 29.7082 17.655 28.5442C17.655 27.3802 16.7071 26.4366 15.5377 26.4366C14.3684 26.4366 13.4204 27.3802 13.4204 28.5442C13.4204 29.7082 14.3684 30.6518 15.5377 30.6518Z\" fill=\"url(#paint15_linear_4_57)\"><\/path><path d=\"M36.3853 27.8633C37.5546 27.8633 38.5026 26.9197 38.5026 25.7557C38.5026 24.5918 37.5546 23.6482 36.3853 23.6482C35.2159 23.6482 34.2679 24.5918 34.2679 25.7557C34.2679 26.9197 35.2159 27.8633 36.3853 27.8633Z\" fill=\"url(#paint16_linear_4_57)\"><\/path><\/g><\/g><defs><linearGradient id=\"paint0_linear_4_57\" x1=\"187.31\" y1=\"37.8101\" x2=\"187.31\" y2=\"15.5669\" gradientUnits=\"userSpaceOnUse\"><stop stop-color=\"#32C070\"><\/stop><stop offset=\"1\" stop-color=\"#25A3C1\"><\/stop><\/linearGradient><linearGradient id=\"paint1_linear_4_57\" x1=\"73.0354\" y1=\"38.1332\" x2=\"73.0354\" y2=\"17.9955\" gradientUnits=\"userSpaceOnUse\"><stop stop-color=\"#32C070\"><\/stop><stop offset=\"1\" stop-color=\"#25A3C1\"><\/stop><\/linearGradient><linearGradient id=\"paint2_linear_4_57\" x1=\"83.1893\" y1=\"37.8187\" x2=\"83.1893\" y2=\"21.4595\" gradientUnits=\"userSpaceOnUse\"><stop stop-color=\"#32C070\"><\/stop><stop offset=\"1\" stop-color=\"#25A3C1\"><\/stop><\/linearGradient><linearGradient id=\"paint3_linear_4_57\" x1=\"96.4985\" y1=\"38.1386\" x2=\"96.4985\" y2=\"21.4595\" gradientUnits=\"userSpaceOnUse\"><stop stop-color=\"#32C070\"><\/stop><stop offset=\"1\" stop-color=\"#25A3C1\"><\/stop><\/linearGradient><linearGradient id=\"paint4_linear_4_57\" x1=\"114.572\" y1=\"38.1386\" x2=\"114.572\" y2=\"21.4595\" gradientUnits=\"userSpaceOnUse\"><stop stop-color=\"#32C070\"><\/stop><stop offset=\"1\" stop-color=\"#25A3C1\"><\/stop><\/linearGradient><linearGradient id=\"paint5_linear_4_57\" x1=\"131.663\" y1=\"38.1645\" x2=\"131.663\" y2=\"21.6724\" gradientUnits=\"userSpaceOnUse\"><stop stop-color=\"#32C070\"><\/stop><stop offset=\"1\" stop-color=\"#25A3C1\"><\/stop><\/linearGradient><linearGradient id=\"paint6_linear_4_57\" x1=\"147.399\" y1=\"37.8187\" x2=\"147.399\" y2=\"21.4595\" gradientUnits=\"userSpaceOnUse\"><stop stop-color=\"#32C070\"><\/stop><stop offset=\"1\" stop-color=\"#25A3C1\"><\/stop><\/linearGradient><linearGradient id=\"paint7_linear_4_57\" x1=\"165.292\" y1=\"38.1386\" x2=\"165.292\" y2=\"21.4595\" gradientUnits=\"userSpaceOnUse\"><stop stop-color=\"#32C070\"><\/stop><stop offset=\"1\" stop-color=\"#25A3C1\"><\/stop><\/linearGradient><linearGradient id=\"paint8_linear_4_57\" x1=\"179.686\" y1=\"38.1332\" x2=\"179.686\" y2=\"17.9955\" gradientUnits=\"userSpaceOnUse\"><stop stop-color=\"#32C070\"><\/stop><stop offset=\"1\" stop-color=\"#25A3C1\"><\/stop><\/linearGradient><linearGradient id=\"paint9_linear_4_57\" x1=\"187.311\" y1=\"37.8187\" x2=\"187.311\" y2=\"21.7806\" gradientUnits=\"userSpaceOnUse\"><stop stop-color=\"#32C070\"><\/stop><stop offset=\"1\" stop-color=\"#25A3C1\"><\/stop><\/linearGradient><linearGradient id=\"paint10_linear_4_57\" x1=\"199.7\" y1=\"38.1386\" x2=\"199.7\" y2=\"21.4595\" gradientUnits=\"userSpaceOnUse\"><stop stop-color=\"#32C070\"><\/stop><stop offset=\"1\" stop-color=\"#25A3C1\"><\/stop><\/linearGradient><linearGradient id=\"paint11_linear_4_57\" x1=\"217.6\" y1=\"37.8187\" x2=\"217.6\" y2=\"21.4595\" gradientUnits=\"userSpaceOnUse\"><stop stop-color=\"#32C070\"><\/stop><stop offset=\"1\" stop-color=\"#25A3C1\"><\/stop><\/linearGradient><linearGradient id=\"paint12_linear_4_57\" x1=\"25.7751\" y1=\"51.176\" x2=\"25.7751\" y2=\"0\" gradientUnits=\"userSpaceOnUse\"><stop stop-color=\"#32C070\"><\/stop><stop offset=\"1\" stop-color=\"#25A3C1\"><\/stop><\/linearGradient><linearGradient id=\"paint13_linear_4_57\" x1=\"19.4683\" y1=\"51.3473\" x2=\"19.4683\" y2=\"0.107068\" gradientUnits=\"userSpaceOnUse\"><stop stop-color=\"#32C070\"><\/stop><stop offset=\"1\" stop-color=\"#25A3C1\"><\/stop><\/linearGradient><linearGradient id=\"paint14_linear_4_57\" x1=\"32.0639\" y1=\"51.2922\" x2=\"32.0639\" y2=\"0.0519419\" gradientUnits=\"userSpaceOnUse\"><stop stop-color=\"#32C070\"><\/stop><stop offset=\"1\" stop-color=\"#25A3C1\"><\/stop><\/linearGradient><linearGradient id=\"paint15_linear_4_57\" x1=\"15.5323\" y1=\"51.4423\" x2=\"15.5323\" y2=\"0.105913\" gradientUnits=\"userSpaceOnUse\"><stop stop-color=\"#32C070\"><\/stop><stop offset=\"1\" stop-color=\"#25A3C1\"><\/stop><\/linearGradient><linearGradient id=\"paint16_linear_4_57\" x1=\"36.3842\" y1=\"51.2932\" x2=\"36.3842\" y2=\"0.260466\" gradientUnits=\"userSpaceOnUse\"><stop stop-color=\"#32C070\"><\/stop><stop offset=\"1\" stop-color=\"#25A3C1\"><\/stop><\/linearGradient><clipPath id=\"clip0_4_57\"><rect width=\"225\" height=\"51.3\" fill=\"white\"><\/rect><\/clipPath><clipPath id=\"clip1_4_57\"><rect width=\"225\" height=\"51.2953\" fill=\"white\"><\/rect><\/clipPath><\/defs><\/svg><\/span><span class=\"ui-e-headline-text elementor-repeater-item-35d55ed\">     &nbsp; &nbsp; View Gumodu's forest<\/span>        <\/p>\n    \t\t\t\t<\/div>\n\t\t\t\t<\/div>\n\t\t\t\t<\/div>\n\t\t<div class=\"elementor-element elementor-element-70306ef e-con-full e-flex e-con e-child\" data-id=\"70306ef\" data-element_type=\"container\">\n\t\t\t\t<div class=\"elementor-element elementor-element-0f3d7df elementor-widget elementor-widget-heading\" data-id=\"0f3d7df\" data-element_type=\"widget\" data-widget_type=\"heading.default\">\n\t\t\t\t<div class=\"elementor-widget-container\">\n\t\t\t\t\t<h2 class=\"elementor-heading-title elementor-size-default\">Nachhaltigkeit<\/h2>\t\t\t\t<\/div>\n\t\t\t\t<\/div>\n\t\t\t\t<div class=\"elementor-element elementor-element-ab3c69a elementor-widget elementor-widget-text-editor\" data-id=\"ab3c69a\" data-element_type=\"widget\" data-widget_type=\"text-editor.default\">\n\t\t\t\t<div class=\"elementor-widget-container\">\n\t\t\t\t\t\t\t\t\tBei Gumodu ist Nachhaltigkeit kein Zusatz, sondern in allem, was wir tun, verankert. Von energieeffizienten Designs \u00fcber verantwortungsvolle Beschaffung und Logistik verfolgen wir einen systemischen Ansatz, um unseren CO\u2082-Fu\u00dfabdruck zu senken und langfristig zu bauen. Dar\u00fcber hinaus arbeiten wir mit Tree Nation zusammen, um Emissionen auszugleichen und weltweite Wiederaufforstungsprojekte zu unterst\u00fctzen. F\u00fcr jedes abgeschlossene Projekt pflanzen wir B\u00e4ume, nicht nur als Symbol, sondern als Schritt in Richtung Klimaneutralit\u00e4t und Klimaverantwortung. Das ist Teil unserer Mission, nicht nur unseren Kunden und Gemeinschaften, sondern auch der Umwelt einen Mehrwert zu bieten, die wir alle teilen.   \t\t\t\t\t\t\t\t<\/div>\n\t\t\t\t<\/div>\n\t\t\t\t<\/div>\n\t\t\t\t\t<\/div>\n\t\t\t\t<\/div>\n\t\t<div class=\"elementor-element elementor-element-68f14f8 e-flex e-con-boxed e-con e-parent\" data-id=\"68f14f8\" data-element_type=\"container\">\n\t\t\t\t\t<div class=\"e-con-inner\">\n\t\t<div class=\"elementor-element elementor-element-50b0152 e-con-full e-flex e-con e-child\" data-id=\"50b0152\" data-element_type=\"container\">\n\t\t\t\t<div class=\"elementor-element elementor-element-f98a0d8 elementor-widget elementor-widget-heading\" data-id=\"f98a0d8\" data-element_type=\"widget\" data-widget_type=\"heading.default\">\n\t\t\t\t<div class=\"elementor-widget-container\">\n\t\t\t\t\t<h2 class=\"elementor-heading-title elementor-size-default\">Fertigung<\/h2>\t\t\t\t<\/div>\n\t\t\t\t<\/div>\n\t\t\t\t<div class=\"elementor-element elementor-element-5f502be elementor-widget elementor-widget-text-editor\" data-id=\"5f502be\" data-element_type=\"widget\" data-widget_type=\"text-editor.default\">\n\t\t\t\t<div class=\"elementor-widget-container\">\n\t\t\t\t\t\t\t\t\tWir betreiben keine eigene Fabrik, und das ist Teil unseres Konzepts. Bei Gumodu arbeiten wir mit einem Netzwerk etablierter modularer Zulieferer zusammen, die jeweils \u00fcber 25 Jahre Erfahrung im Pr\u00e4zisionsbau verf\u00fcgen. So k\u00f6nnen wir jedes Projekt dem am besten geeigneten Partner zuordnen, je nach technischer Passung, Lieferkapazit\u00e4t und lokalen Anforderungen. Jeder unserer Partner ist vollst\u00e4ndig zertifiziert und erf\u00fcllt oder \u00fcbertrifft die geltenden Baustandards in unseren Einsatzgebieten. Wir haben die Sorgfaltspflicht \u00fcbernommen, damit unsere Kunden es nicht tun m\u00fcssen   \t\t\t\t\t\t\t\t<\/div>\n\t\t\t\t<\/div>\n\t\t\t\t<\/div>\n\t\t<div class=\"elementor-element elementor-element-5ad259f e-con-full e-flex e-con e-child\" data-id=\"5ad259f\" data-element_type=\"container\">\n\t\t\t\t<div class=\"elementor-element elementor-element-16b6802 ui-e-align-center ui-e-counter-simple elementor-widget elementor-widget-uicore-counter\" data-id=\"16b6802\" data-element_type=\"widget\" data-settings=\"{&quot;count_end&quot;:25,&quot;counter_separator&quot;:&quot;,&quot;,&quot;decimal_symbol&quot;:&quot;.&quot;,&quot;counter_suffix&quot;:&quot;+&quot;,&quot;count_start&quot;:10,&quot;use_grouping&quot;:&quot;true&quot;,&quot;decimal_places&quot;:0,&quot;counter_animation&quot;:&quot;simple&quot;,&quot;duration&quot;:2.5}\" data-widget_type=\"uicore-counter.default\">\n\t\t\t\t<div class=\"elementor-widget-container\">\n\t\t\t\t\t <div class=\"ui-e-wrp\"> <h1 class=\"ui-e-num\"><span class=\"ui-e-prefix\"><\/span><span class=\"value\"> 0 <\/span><span class=\"ui-e-suffix\">+<\/span><\/h1><p class=\"ui-e-title\">JAHRE ERFAHRUNG<\/p> <\/div> \t\t\t\t<\/div>\n\t\t\t\t<\/div>\n\t\t\t\t<\/div>\n\t\t\t\t\t<\/div>\n\t\t\t\t<\/div>\n\t\t\t\t<\/div>\n\t\t","protected":false},"excerpt":{"rendered":"<p>\u00dcber Uns Gebaut auf Werten. Angetrieben von Sinn. Bei Gumodu sehen wir modulares Bauen nicht als Trend, sondern als die Zukunft der Immobilienbranche. Wir entwickeln modulare Projekte, die Geschwindigkeit, Effizienz und \u00f6kologische Verantwortung vereinen und bieten sektor\u00fcbergreifend echte L\u00f6sungen an. Doch f\u00fcr uns geht es um mehr: Unsere Arbeit hat einen Zweck, Menschen den Zugang [&hellip;]<\/p>\n","protected":false},"author":1,"featured_media":0,"parent":0,"menu_order":0,"comment_status":"closed","ping_status":"closed","template":"","meta":{"footnotes":""},"class_list":["post-2232","page","type-page","status-publish","hentry"],"_links":{"self":[{"href":"https:\/\/gumodu.com\/de\/wp-json\/wp\/v2\/pages\/2232","targetHints":{"allow":["GET"]}}],"collection":[{"href":"https:\/\/gumodu.com\/de\/wp-json\/wp\/v2\/pages"}],"about":[{"href":"https:\/\/gumodu.com\/de\/wp-json\/wp\/v2\/types\/page"}],"author":[{"embeddable":true,"href":"https:\/\/gumodu.com\/de\/wp-json\/wp\/v2\/users\/1"}],"replies":[{"embeddable":true,"href":"https:\/\/gumodu.com\/de\/wp-json\/wp\/v2\/comments?post=2232"}],"version-history":[{"count":2,"href":"https:\/\/gumodu.com\/de\/wp-json\/wp\/v2\/pages\/2232\/revisions"}],"predecessor-version":[{"id":2234,"href":"https:\/\/gumodu.com\/de\/wp-json\/wp\/v2\/pages\/2232\/revisions\/2234"}],"wp:attachment":[{"href":"https:\/\/gumodu.com\/de\/wp-json\/wp\/v2\/media?parent=2232"}],"curies":[{"name":"wp","href":"https:\/\/api.w.org\/{rel}","templated":true}]}}