{"id":2244,"date":"2025-04-26T09:47:49","date_gmt":"2025-04-26T09:47:49","guid":{"rendered":"https:\/\/gumodu.com\/kunden-partner\/"},"modified":"2025-07-17T11:33:31","modified_gmt":"2025-07-17T11:33:31","slug":"kunden-partner","status":"publish","type":"page","link":"https:\/\/gumodu.com\/de\/kunden-partner\/","title":{"rendered":"Kunden &amp; Partner"},"content":{"rendered":"\t\t<div data-elementor-type=\"wp-page\" data-elementor-id=\"2244\" class=\"elementor elementor-2244 elementor-86\" data-elementor-settings=\"{&quot;element_pack_global_tooltip_width&quot;:{&quot;unit&quot;:&quot;px&quot;,&quot;size&quot;:&quot;&quot;,&quot;sizes&quot;:[]},&quot;element_pack_global_tooltip_width_laptop&quot;:{&quot;unit&quot;:&quot;px&quot;,&quot;size&quot;:&quot;&quot;,&quot;sizes&quot;:[]},&quot;element_pack_global_tooltip_width_tablet_extra&quot;:{&quot;unit&quot;:&quot;px&quot;,&quot;size&quot;:&quot;&quot;,&quot;sizes&quot;:[]},&quot;element_pack_global_tooltip_width_tablet&quot;:{&quot;unit&quot;:&quot;px&quot;,&quot;size&quot;:&quot;&quot;,&quot;sizes&quot;:[]},&quot;element_pack_global_tooltip_width_mobile_extra&quot;:{&quot;unit&quot;:&quot;px&quot;,&quot;size&quot;:&quot;&quot;,&quot;sizes&quot;:[]},&quot;element_pack_global_tooltip_width_mobile&quot;:{&quot;unit&quot;:&quot;px&quot;,&quot;size&quot;:&quot;&quot;,&quot;sizes&quot;:[]},&quot;element_pack_global_tooltip_padding&quot;:{&quot;unit&quot;:&quot;px&quot;,&quot;top&quot;:&quot;&quot;,&quot;right&quot;:&quot;&quot;,&quot;bottom&quot;:&quot;&quot;,&quot;left&quot;:&quot;&quot;,&quot;isLinked&quot;:true},&quot;element_pack_global_tooltip_padding_laptop&quot;:{&quot;unit&quot;:&quot;px&quot;,&quot;top&quot;:&quot;&quot;,&quot;right&quot;:&quot;&quot;,&quot;bottom&quot;:&quot;&quot;,&quot;left&quot;:&quot;&quot;,&quot;isLinked&quot;:true},&quot;element_pack_global_tooltip_padding_tablet_extra&quot;:{&quot;unit&quot;:&quot;px&quot;,&quot;top&quot;:&quot;&quot;,&quot;right&quot;:&quot;&quot;,&quot;bottom&quot;:&quot;&quot;,&quot;left&quot;:&quot;&quot;,&quot;isLinked&quot;:true},&quot;element_pack_global_tooltip_padding_tablet&quot;:{&quot;unit&quot;:&quot;px&quot;,&quot;top&quot;:&quot;&quot;,&quot;right&quot;:&quot;&quot;,&quot;bottom&quot;:&quot;&quot;,&quot;left&quot;:&quot;&quot;,&quot;isLinked&quot;:true},&quot;element_pack_global_tooltip_padding_mobile_extra&quot;:{&quot;unit&quot;:&quot;px&quot;,&quot;top&quot;:&quot;&quot;,&quot;right&quot;:&quot;&quot;,&quot;bottom&quot;:&quot;&quot;,&quot;left&quot;:&quot;&quot;,&quot;isLinked&quot;:true},&quot;element_pack_global_tooltip_padding_mobile&quot;:{&quot;unit&quot;:&quot;px&quot;,&quot;top&quot;:&quot;&quot;,&quot;right&quot;:&quot;&quot;,&quot;bottom&quot;:&quot;&quot;,&quot;left&quot;:&quot;&quot;,&quot;isLinked&quot;:true},&quot;element_pack_global_tooltip_border_radius&quot;:{&quot;unit&quot;:&quot;px&quot;,&quot;top&quot;:&quot;&quot;,&quot;right&quot;:&quot;&quot;,&quot;bottom&quot;:&quot;&quot;,&quot;left&quot;:&quot;&quot;,&quot;isLinked&quot;:true},&quot;element_pack_global_tooltip_border_radius_laptop&quot;:{&quot;unit&quot;:&quot;px&quot;,&quot;top&quot;:&quot;&quot;,&quot;right&quot;:&quot;&quot;,&quot;bottom&quot;:&quot;&quot;,&quot;left&quot;:&quot;&quot;,&quot;isLinked&quot;:true},&quot;element_pack_global_tooltip_border_radius_tablet_extra&quot;:{&quot;unit&quot;:&quot;px&quot;,&quot;top&quot;:&quot;&quot;,&quot;right&quot;:&quot;&quot;,&quot;bottom&quot;:&quot;&quot;,&quot;left&quot;:&quot;&quot;,&quot;isLinked&quot;:true},&quot;element_pack_global_tooltip_border_radius_tablet&quot;:{&quot;unit&quot;:&quot;px&quot;,&quot;top&quot;:&quot;&quot;,&quot;right&quot;:&quot;&quot;,&quot;bottom&quot;:&quot;&quot;,&quot;left&quot;:&quot;&quot;,&quot;isLinked&quot;:true},&quot;element_pack_global_tooltip_border_radius_mobile_extra&quot;:{&quot;unit&quot;:&quot;px&quot;,&quot;top&quot;:&quot;&quot;,&quot;right&quot;:&quot;&quot;,&quot;bottom&quot;:&quot;&quot;,&quot;left&quot;:&quot;&quot;,&quot;isLinked&quot;:true},&quot;element_pack_global_tooltip_border_radius_mobile&quot;:{&quot;unit&quot;:&quot;px&quot;,&quot;top&quot;:&quot;&quot;,&quot;right&quot;:&quot;&quot;,&quot;bottom&quot;:&quot;&quot;,&quot;left&quot;:&quot;&quot;,&quot;isLinked&quot;:true}}\">\n\t\t\t\t<div class=\"elementor-element elementor-element-dd0a6a4 e-flex e-con-boxed e-con e-parent\" data-id=\"dd0a6a4\" data-element_type=\"container\" id=\"herosection\" data-settings=\"{&quot;background_background&quot;:&quot;classic&quot;}\">\n\t\t\t\t\t<div class=\"e-con-inner\">\n\t\t<div class=\"elementor-element elementor-element-5d9d32a e-con-full e-flex e-con e-child\" data-id=\"5d9d32a\" data-element_type=\"container\" data-settings=\"{&quot;background_background&quot;:&quot;classic&quot;}\">\n\t\t\t\t<div class=\"elementor-element elementor-element-f0fcdac elementor-widget elementor-widget-heading\" data-id=\"f0fcdac\" data-element_type=\"widget\" data-widget_type=\"heading.default\">\n\t\t\t\t<div class=\"elementor-widget-container\">\n\t\t\t\t\t<h1 class=\"elementor-heading-title elementor-size-default\">Kunden &amp;<br> Partner<\/h1>\t\t\t\t<\/div>\n\t\t\t\t<\/div>\n\t\t\t\t<\/div>\n\t\t\t\t\t<\/div>\n\t\t\t\t<\/div>\n\t\t<div class=\"elementor-element elementor-element-662a85e e-flex e-con-boxed e-con e-parent\" data-id=\"662a85e\" data-element_type=\"container\">\n\t\t\t\t\t<div class=\"e-con-inner\">\n\t\t<div class=\"elementor-element elementor-element-4c3eacf e-con-full e-flex e-con e-child\" data-id=\"4c3eacf\" data-element_type=\"container\">\n\t\t\t\t<div class=\"elementor-element elementor-element-4bde53e elementor-widget elementor-widget-heading\" data-id=\"4bde53e\" data-element_type=\"widget\" data-widget_type=\"heading.default\">\n\t\t\t\t<div class=\"elementor-widget-container\">\n\t\t\t\t\t<h1 class=\"elementor-heading-title elementor-size-default\">L\u00f6sungen mit gemeinsamem Ziel<\/h1>\t\t\t\t<\/div>\n\t\t\t\t<\/div>\n\t\t\t\t<\/div>\n\t\t<div class=\"elementor-element elementor-element-72b069f e-con-full e-flex e-con e-child\" data-id=\"72b069f\" data-element_type=\"container\">\n\t\t\t\t<div class=\"elementor-element elementor-element-f3076f8 elementor-widget elementor-widget-text-editor\" data-id=\"f3076f8\" data-element_type=\"widget\" data-widget_type=\"text-editor.default\">\n\t\t\t\t<div class=\"elementor-widget-container\">\n\t\t\t\t\t\t\t\t\tHinter jedem erfolgreichen modularen Projekt steht eine vertrauensvolle Zusammenarbeit. Wir arbeiten eng mit Investoren, Kommunen, Entwicklern und privaten Auftraggebern zusammen, um bedeutungsvolle Partnerschaften zu schaffen, die auf Verl\u00e4sslichkeit, Transparenz und gemeinsamen Zielen basieren. Unser Ansatz passt sich unterschiedlichsten Projektgr\u00f6\u00dfen und den Bed\u00fcrfnissen aller Beteiligten an. Ob Sie investieren, entwickeln, f\u00fcr Gemeinschaften bauen oder ein Zuhause schaffen, wir bieten zuverl\u00e4ssige, auf Sie zugeschnittene L\u00f6sungen.\t\t\t\t\t\t\t\t<\/div>\n\t\t\t\t<\/div>\n\t\t\t\t<\/div>\n\t\t\t\t\t<\/div>\n\t\t\t\t<\/div>\n\t\t<div class=\"elementor-element elementor-element-3aa85f0 e-flex e-con-boxed e-con e-parent\" data-id=\"3aa85f0\" data-element_type=\"container\">\n\t\t\t\t\t<div class=\"e-con-inner\">\n\t\t<div class=\"elementor-element elementor-element-72760d7 e-con-full e-flex e-con e-child\" data-id=\"72760d7\" data-element_type=\"container\" data-settings=\"{&quot;background_background&quot;:&quot;classic&quot;}\">\n\t\t<div class=\"elementor-element elementor-element-73680fc e-con-full e-flex e-con e-child\" data-id=\"73680fc\" data-element_type=\"container\">\n\t\t\t\t<div class=\"elementor-element elementor-element-fa0bd73 elementor-widget elementor-widget-image\" data-id=\"fa0bd73\" data-element_type=\"widget\" data-widget_type=\"image.default\">\n\t\t\t\t<div class=\"elementor-widget-container\">\n\t\t\t\t\t\t\t\t\t\t\t\t\t\t\t<img fetchpriority=\"high\" decoding=\"async\" width=\"1000\" height=\"667\" src=\"https:\/\/gumodu.com\/wp-content\/uploads\/2025\/04\/c4eff331-510a-4131-8fad-a1a53e603d98-1024x683.jpg\" class=\"attachment-large size-large wp-image-2004\" alt=\"\" srcset=\"https:\/\/gumodu.com\/wp-content\/uploads\/2025\/04\/c4eff331-510a-4131-8fad-a1a53e603d98-1024x683.jpg 1024w, https:\/\/gumodu.com\/wp-content\/uploads\/2025\/04\/c4eff331-510a-4131-8fad-a1a53e603d98-300x200.jpg 300w, https:\/\/gumodu.com\/wp-content\/uploads\/2025\/04\/c4eff331-510a-4131-8fad-a1a53e603d98-768x512.jpg 768w, https:\/\/gumodu.com\/wp-content\/uploads\/2025\/04\/c4eff331-510a-4131-8fad-a1a53e603d98-650x434.jpg 650w, https:\/\/gumodu.com\/wp-content\/uploads\/2025\/04\/c4eff331-510a-4131-8fad-a1a53e603d98.jpg 1228w\" sizes=\"(max-width: 1000px) 100vw, 1000px\" \/>\t\t\t\t\t\t\t\t\t\t\t\t\t\t\t<\/div>\n\t\t\t\t<\/div>\n\t\t\t\t<\/div>\n\t\t<div class=\"elementor-element elementor-element-6fbf0ab e-con-full e-flex e-con e-child\" data-id=\"6fbf0ab\" data-element_type=\"container\">\n\t\t\t\t<div class=\"elementor-element elementor-element-ccd970f elementor-widget elementor-widget-heading\" data-id=\"ccd970f\" data-element_type=\"widget\" data-widget_type=\"heading.default\">\n\t\t\t\t<div class=\"elementor-widget-container\">\n\t\t\t\t\t<h3 class=\"elementor-heading-title elementor-size-default\">Investoren-Partnerschaften<\/h3>\t\t\t\t<\/div>\n\t\t\t\t<\/div>\n\t\t\t\t<div class=\"elementor-element elementor-element-3a67f21 elementor-widget elementor-widget-text-editor\" data-id=\"3a67f21\" data-element_type=\"widget\" data-widget_type=\"text-editor.default\">\n\t\t\t\t<div class=\"elementor-widget-container\">\n\t\t\t\t\t\t\t\t\tWir unterst\u00fctzen private und institutionelle Investoren mit der M\u00f6glichkeit, komplette modulare Projekte von der Grundst\u00fcckserschlie\u00dfung bis zur Fertigstellung umzusetzen. Ob Einzelprojekt oder die Entwicklung mehrerer Standorte \u2013 unser Modell bietet einen durchg\u00e4ngigen Lieferprozess, der auf Schnelligkeit, Kostensicherheit und langfristigen Werterhalt ausgelegt ist. Mit k\u00fcrzeren Bauzeiten, festen Kostenstrukturen und einer st\u00f6rungsarmen Umsetzung ist modulares Bauen der intelligentere Weg, um der hohen Nachfrage nach Wohnraum und Infrastruktur schneller und kontrollierter zu begegnen. Durch die \u00dcbernahme des gesamten Prozesses helfen wir Investoren, sich auf Performance, Rendite und strategisches Wachstum zu konzentrieren.\t\t\t\t\t\t\t\t<\/div>\n\t\t\t\t<\/div>\n\t\t\t\t<\/div>\n\t\t\t\t<\/div>\n\t\t\t\t\t<\/div>\n\t\t\t\t<\/div>\n\t\t<div class=\"elementor-element elementor-element-f269a85 e-flex e-con-boxed e-con e-parent\" data-id=\"f269a85\" data-element_type=\"container\">\n\t\t\t\t\t<div class=\"e-con-inner\">\n\t\t<div class=\"elementor-element elementor-element-ffb7645 e-con-full e-flex e-con e-child\" data-id=\"ffb7645\" data-element_type=\"container\" data-settings=\"{&quot;background_background&quot;:&quot;classic&quot;}\">\n\t\t<div class=\"elementor-element elementor-element-f23201f e-con-full e-flex e-con e-child\" data-id=\"f23201f\" data-element_type=\"container\">\n\t\t\t\t<div class=\"elementor-element elementor-element-b7432d7 elementor-widget elementor-widget-image\" data-id=\"b7432d7\" data-element_type=\"widget\" data-widget_type=\"image.default\">\n\t\t\t\t<div class=\"elementor-widget-container\">\n\t\t\t\t\t\t\t\t\t\t\t\t\t\t\t<img decoding=\"async\" width=\"1000\" height=\"667\" src=\"https:\/\/gumodu.com\/wp-content\/uploads\/2025\/04\/a13fc2d0-be99-4903-af70-d0cc281bff2b-1024x683.jpg\" class=\"attachment-large size-large wp-image-1999\" alt=\"\" srcset=\"https:\/\/gumodu.com\/wp-content\/uploads\/2025\/04\/a13fc2d0-be99-4903-af70-d0cc281bff2b-1024x683.jpg 1024w, https:\/\/gumodu.com\/wp-content\/uploads\/2025\/04\/a13fc2d0-be99-4903-af70-d0cc281bff2b-300x200.jpg 300w, https:\/\/gumodu.com\/wp-content\/uploads\/2025\/04\/a13fc2d0-be99-4903-af70-d0cc281bff2b-768x512.jpg 768w, https:\/\/gumodu.com\/wp-content\/uploads\/2025\/04\/a13fc2d0-be99-4903-af70-d0cc281bff2b-650x433.jpg 650w, https:\/\/gumodu.com\/wp-content\/uploads\/2025\/04\/a13fc2d0-be99-4903-af70-d0cc281bff2b.jpg 1095w\" sizes=\"(max-width: 1000px) 100vw, 1000px\" \/>\t\t\t\t\t\t\t\t\t\t\t\t\t\t\t<\/div>\n\t\t\t\t<\/div>\n\t\t\t\t<\/div>\n\t\t<div class=\"elementor-element elementor-element-fabfe97 e-con-full e-flex e-con e-child\" data-id=\"fabfe97\" data-element_type=\"container\">\n\t\t\t\t<div class=\"elementor-element elementor-element-0954bef elementor-widget elementor-widget-heading\" data-id=\"0954bef\" data-element_type=\"widget\" data-widget_type=\"heading.default\">\n\t\t\t\t<div class=\"elementor-widget-container\">\n\t\t\t\t\t<h3 class=\"elementor-heading-title elementor-size-default\">Projektentwickler<\/h3>\t\t\t\t<\/div>\n\t\t\t\t<\/div>\n\t\t\t\t<div class=\"elementor-element elementor-element-91e88a5 elementor-widget elementor-widget-text-editor\" data-id=\"91e88a5\" data-element_type=\"widget\" data-widget_type=\"text-editor.default\">\n\t\t\t\t<div class=\"elementor-widget-container\">\n\t\t\t\t\t\t\t\t\t<p>Ein modulares Liefermodell, das auf die Anforderungen an Schnelligkeit, Kostenkontrolle und Projektsicherheit zugeschnitten ist. Geeignet f\u00fcr urbane Nachverdichtung, Mehrfamilienh\u00e4user und neue Produktentwicklungen, kann der Prozess von der Genehmigung und Planung bis zur Produktion im Werk und der Montage vor Ort effizient gestaltet werden. Modulares Bauen erm\u00f6glicht k\u00fcrzere Zeitpl\u00e4ne, Festpreise ab Tag eins, weniger Unsicherheiten auf der Baustelle und gleichbleibende Bauqualit\u00e4t. Es bietet eine skalierbare Alternative zur traditionellen Bauweise, mit dem Potenzial, Verz\u00f6gerungen zu reduzieren, St\u00f6rungen zu minimieren und die Projektmargen zu sch\u00fctzen.<\/p>\t\t\t\t\t\t\t\t<\/div>\n\t\t\t\t<\/div>\n\t\t\t\t<\/div>\n\t\t\t\t<\/div>\n\t\t\t\t\t<\/div>\n\t\t\t\t<\/div>\n\t\t<div class=\"elementor-element elementor-element-704ee46 e-flex e-con-boxed e-con e-parent\" data-id=\"704ee46\" data-element_type=\"container\">\n\t\t\t\t\t<div class=\"e-con-inner\">\n\t\t<div class=\"elementor-element elementor-element-1c960d7 e-con-full e-flex e-con e-child\" data-id=\"1c960d7\" data-element_type=\"container\" data-settings=\"{&quot;background_background&quot;:&quot;classic&quot;}\">\n\t\t<div class=\"elementor-element elementor-element-dc37756 e-con-full e-flex e-con e-child\" data-id=\"dc37756\" data-element_type=\"container\">\n\t\t\t\t<div class=\"elementor-element elementor-element-84e18c8 elementor-widget elementor-widget-image\" data-id=\"84e18c8\" data-element_type=\"widget\" data-widget_type=\"image.default\">\n\t\t\t\t<div class=\"elementor-widget-container\">\n\t\t\t\t\t\t\t\t\t\t\t\t\t\t\t<img decoding=\"async\" width=\"1000\" height=\"667\" src=\"https:\/\/gumodu.com\/wp-content\/uploads\/2025\/04\/eea9f724-2b26-4b5f-a1b8-910b8ab5e147-1024x683.jpg\" class=\"attachment-large size-large wp-image-1997\" alt=\"\" srcset=\"https:\/\/gumodu.com\/wp-content\/uploads\/2025\/04\/eea9f724-2b26-4b5f-a1b8-910b8ab5e147-1024x683.jpg 1024w, https:\/\/gumodu.com\/wp-content\/uploads\/2025\/04\/eea9f724-2b26-4b5f-a1b8-910b8ab5e147-300x200.jpg 300w, https:\/\/gumodu.com\/wp-content\/uploads\/2025\/04\/eea9f724-2b26-4b5f-a1b8-910b8ab5e147-768x512.jpg 768w, https:\/\/gumodu.com\/wp-content\/uploads\/2025\/04\/eea9f724-2b26-4b5f-a1b8-910b8ab5e147-650x433.jpg 650w, https:\/\/gumodu.com\/wp-content\/uploads\/2025\/04\/eea9f724-2b26-4b5f-a1b8-910b8ab5e147.jpg 1344w\" sizes=\"(max-width: 1000px) 100vw, 1000px\" \/>\t\t\t\t\t\t\t\t\t\t\t\t\t\t\t<\/div>\n\t\t\t\t<\/div>\n\t\t\t\t<\/div>\n\t\t<div class=\"elementor-element elementor-element-5378721 e-con-full e-flex e-con e-child\" data-id=\"5378721\" data-element_type=\"container\">\n\t\t\t\t<div class=\"elementor-element elementor-element-0d36b9b elementor-widget elementor-widget-heading\" data-id=\"0d36b9b\" data-element_type=\"widget\" data-widget_type=\"heading.default\">\n\t\t\t\t<div class=\"elementor-widget-container\">\n\t\t\t\t\t<h3 class=\"elementor-heading-title elementor-size-default\">Private Kunden<\/h3>\t\t\t\t<\/div>\n\t\t\t\t<\/div>\n\t\t\t\t<div class=\"elementor-element elementor-element-e2f9997 elementor-widget elementor-widget-text-editor\" data-id=\"e2f9997\" data-element_type=\"widget\" data-widget_type=\"text-editor.default\">\n\t\t\t\t<div class=\"elementor-widget-container\">\n\t\t\t\t\t\t\t\t\tIm heutigen Markt erscheint der private Hausbau oft unerreichbar \u2013 steigende Kosten, lange Wartezeiten und unzuverl\u00e4ssige Bauunternehmen schrecken ab. Wir bieten eine intelligentere Alternative. Modulares Bauen verschafft Ihnen schnellere Abl\u00e4ufe, feste Preise und einen effizienteren Weg zum Eigenheim. Ob Sie Ihr erstes Haus bauen oder ein eigenes Grundst\u00fcck entwickeln \u2013 wir \u00fcbernehmen den gesamten Prozess von Planung und Genehmigungen \u00fcber die Fertigung bis zur Montage vor Ort. Mit wettbewerbsf\u00e4higen Kosten und voller Kontrolle erhalten Sie mehr Wert, weniger Stress und ein Zuhause, das zu Ihrem Leben passt.\t\t\t\t\t\t\t\t<\/div>\n\t\t\t\t<\/div>\n\t\t\t\t<\/div>\n\t\t\t\t<\/div>\n\t\t\t\t\t<\/div>\n\t\t\t\t<\/div>\n\t\t<div class=\"elementor-element elementor-element-4b7adb7 e-flex e-con-boxed e-con e-parent\" data-id=\"4b7adb7\" data-element_type=\"container\">\n\t\t\t\t\t<div class=\"e-con-inner\">\n\t\t<div class=\"elementor-element elementor-element-25a948f e-con-full e-flex e-con e-child\" data-id=\"25a948f\" data-element_type=\"container\" data-settings=\"{&quot;background_background&quot;:&quot;classic&quot;}\">\n\t\t<div class=\"elementor-element elementor-element-ff6e732 e-con-full e-flex e-con e-child\" data-id=\"ff6e732\" data-element_type=\"container\">\n\t\t\t\t<div class=\"elementor-element elementor-element-f5db205 elementor-widget elementor-widget-image\" data-id=\"f5db205\" data-element_type=\"widget\" data-widget_type=\"image.default\">\n\t\t\t\t<div class=\"elementor-widget-container\">\n\t\t\t\t\t\t\t\t\t\t\t\t\t\t\t<img loading=\"lazy\" decoding=\"async\" width=\"1000\" height=\"624\" src=\"https:\/\/gumodu.com\/wp-content\/uploads\/2025\/04\/8e3a7958-aff9-46d4-aa9b-3631acd97f81-1024x639.jpg\" class=\"attachment-large size-large wp-image-1998\" alt=\"\" srcset=\"https:\/\/gumodu.com\/wp-content\/uploads\/2025\/04\/8e3a7958-aff9-46d4-aa9b-3631acd97f81-1024x639.jpg 1024w, https:\/\/gumodu.com\/wp-content\/uploads\/2025\/04\/8e3a7958-aff9-46d4-aa9b-3631acd97f81-300x187.jpg 300w, https:\/\/gumodu.com\/wp-content\/uploads\/2025\/04\/8e3a7958-aff9-46d4-aa9b-3631acd97f81-768x480.jpg 768w, https:\/\/gumodu.com\/wp-content\/uploads\/2025\/04\/8e3a7958-aff9-46d4-aa9b-3631acd97f81-650x406.jpg 650w, https:\/\/gumodu.com\/wp-content\/uploads\/2025\/04\/8e3a7958-aff9-46d4-aa9b-3631acd97f81.jpg 1073w\" sizes=\"(max-width: 1000px) 100vw, 1000px\" \/>\t\t\t\t\t\t\t\t\t\t\t\t\t\t\t<\/div>\n\t\t\t\t<\/div>\n\t\t\t\t<\/div>\n\t\t<div class=\"elementor-element elementor-element-dab295a e-con-full e-flex e-con e-child\" data-id=\"dab295a\" data-element_type=\"container\">\n\t\t\t\t<div class=\"elementor-element elementor-element-72901ab elementor-widget elementor-widget-heading\" data-id=\"72901ab\" data-element_type=\"widget\" data-widget_type=\"heading.default\">\n\t\t\t\t<div class=\"elementor-widget-container\">\n\t\t\t\t\t<h3 class=\"elementor-heading-title elementor-size-default\">Gemeinden<\/h3>\t\t\t\t<\/div>\n\t\t\t\t<\/div>\n\t\t\t\t<div class=\"elementor-element elementor-element-f0bc66b elementor-widget elementor-widget-text-editor\" data-id=\"f0bc66b\" data-element_type=\"widget\" data-widget_type=\"text-editor.default\">\n\t\t\t\t<div class=\"elementor-widget-container\">\n\t\t\t\t\t\t\t\t\tModulare Bauweise kann lokalen Beh\u00f6rden eine schnellere und weniger st\u00f6rende M\u00f6glichkeit bieten, Wohnraum und \u00f6ffentliche Infrastruktur bereitzustellen. Durch kosteng\u00fcnstige Systeme und die Fertigung au\u00dferhalb der Baustelle reduzieren modulare L\u00f6sungen L\u00e4rm, Verkehr und visuelle Beeintr\u00e4chtigungen vor Ort und eignen sich daher besonders f\u00fcr sensible oder dicht besiedelte Umgebungen.\nBei Bedarf unterst\u00fctzen wir \u00f6ffentliche Partner von der fr\u00fchen Planungsphase bis zur endg\u00fcltigen \u00dcbergabe und arbeiten eng mit den Beteiligten zusammen, um sicherzustellen, dass die Entwicklungen mit den politischen Zielen \u00fcbereinstimmen und den Gemeinden dienen, f\u00fcr die sie gebaut werden.\t\t\t\t\t\t\t\t<\/div>\n\t\t\t\t<\/div>\n\t\t\t\t<\/div>\n\t\t\t\t<\/div>\n\t\t\t\t\t<\/div>\n\t\t\t\t<\/div>\n\t\t\t\t<\/div>\n\t\t","protected":false},"excerpt":{"rendered":"<p>Kunden &amp; Partner L\u00f6sungen mit gemeinsamem Ziel Hinter jedem erfolgreichen modularen Projekt steht eine vertrauensvolle Zusammenarbeit. Wir arbeiten eng mit Investoren, Kommunen, Entwicklern und privaten Auftraggebern zusammen, um bedeutungsvolle Partnerschaften zu schaffen, die auf Verl\u00e4sslichkeit, Transparenz und gemeinsamen Zielen basieren. Unser Ansatz passt sich unterschiedlichsten Projektgr\u00f6\u00dfen und den Bed\u00fcrfnissen aller Beteiligten an. Ob Sie investieren, [&hellip;]<\/p>\n","protected":false},"author":1,"featured_media":0,"parent":0,"menu_order":0,"comment_status":"closed","ping_status":"closed","template":"","meta":{"footnotes":""},"class_list":["post-2244","page","type-page","status-publish","hentry"],"_links":{"self":[{"href":"https:\/\/gumodu.com\/de\/wp-json\/wp\/v2\/pages\/2244","targetHints":{"allow":["GET"]}}],"collection":[{"href":"https:\/\/gumodu.com\/de\/wp-json\/wp\/v2\/pages"}],"about":[{"href":"https:\/\/gumodu.com\/de\/wp-json\/wp\/v2\/types\/page"}],"author":[{"embeddable":true,"href":"https:\/\/gumodu.com\/de\/wp-json\/wp\/v2\/users\/1"}],"replies":[{"embeddable":true,"href":"https:\/\/gumodu.com\/de\/wp-json\/wp\/v2\/comments?post=2244"}],"version-history":[{"count":1,"href":"https:\/\/gumodu.com\/de\/wp-json\/wp\/v2\/pages\/2244\/revisions"}],"predecessor-version":[{"id":2245,"href":"https:\/\/gumodu.com\/de\/wp-json\/wp\/v2\/pages\/2244\/revisions\/2245"}],"wp:attachment":[{"href":"https:\/\/gumodu.com\/de\/wp-json\/wp\/v2\/media?parent=2244"}],"curies":[{"name":"wp","href":"https:\/\/api.w.org\/{rel}","templated":true}]}}